{"id":2843,"date":"2021-04-01T20:02:05","date_gmt":"2021-04-01T20:02:05","guid":{"rendered":"https:\/\/pioneertransformers.com\/politique-de-confidentialite\/"},"modified":"2023-11-03T17:42:51","modified_gmt":"2023-11-03T17:42:51","slug":"politique-de-confidentialite","status":"publish","type":"page","link":"https:\/\/pioneertransformers.com\/fr\/politique-de-confidentialite\/","title":{"rendered":"Politique de Confidentialit\u00e9"},"content":{"rendered":"<div class=\"fusion-fullwidth fullwidth-box fusion-builder-row-1 fusion-flex-container nonhundred-percent-fullwidth non-hundred-percent-height-scrolling\" style=\"--awb-border-radius-top-left:0px;--awb-border-radius-top-right:0px;--awb-border-radius-bottom-right:0px;--awb-border-radius-bottom-left:0px;--awb-padding-top:100px;--awb-padding-right:8%;--awb-padding-bottom:100px;--awb-padding-left:8%;--awb-flex-wrap:wrap;\" ><div class=\"fusion-builder-row fusion-row fusion-flex-align-items-flex-start fusion-flex-content-wrap\" style=\"max-width:104%;margin-left: calc(-4% \/ 2 );margin-right: calc(-4% \/ 2 );\"><div class=\"fusion-layout-column fusion_builder_column fusion-builder-column-0 fusion_builder_column_2_3 2_3 fusion-flex-column\" style=\"--awb-padding-top:40px;--awb-bg-size:cover;--awb-width-large:66.666666666667%;--awb-margin-top-large:0px;--awb-spacing-right-large:2.88%;--awb-margin-bottom-large:20px;--awb-spacing-left-large:2.88%;--awb-width-medium:100%;--awb-order-medium:0;--awb-spacing-right-medium:1.92%;--awb-spacing-left-medium:1.92%;--awb-width-small:100%;--awb-order-small:0;--awb-spacing-right-small:1.92%;--awb-spacing-left-small:1.92%;\"><div class=\"fusion-column-wrapper fusion-column-has-shadow fusion-flex-justify-content-flex-start fusion-content-layout-column\"><div class=\"fusion-text fusion-text-1\"><h3 class=\"fusion-responsive-typography-calculated\" data-fontsize=\"36\" data-lineheight=\"46.8px\">Confidentialit\u00e9<\/h3>\n<p>Chez Transformateurs Pioneer, notre relation avec nos clients est primordiale. Dans le but de mieux conna\u00eetre nos visiteurs, nous pouvons utiliser la technologie des \u00ab\u00a0cookies\u00a0\u00bb pour uniquement obtenir des informations non personnelles, et ce, afin d&rsquo;am\u00e9liorer l\u2019exp\u00e9rience des visiteurs en ligne. Les cookies envoient une petite quantit\u00e9 de donn\u00e9es \u00e0 votre navigateur, qui peuvent ensuite \u00eatre m\u00e9moris\u00e9s sur votre disque dur afin que nous puissions vous reconna\u00eetre sans vous importuner avec une autre demande d&rsquo;enregistrement. Si vous ne souhaitez pas \u00eatre reconnu, veuillez vous r\u00e9f\u00e9rer \u00e0 votre navigateur internet pour effacer les cookies se trouvant sur le disque dur de votre ordinateur, veuillez configurer votre ordinateur pour qu&rsquo;il bloque tous les cookies ou configurer votre ordinateur pour recevoir un avertissement avant qu&rsquo;un cookie ne soit m\u00e9moris\u00e9.<\/p>\n<h3 class=\"fusion-responsive-typography-calculated\" data-fontsize=\"36\" data-lineheight=\"46.8px\">Informations recueillies sur le site<\/h3>\n<p>Toute communication ou mat\u00e9riel que vous publiez ou transmettez \u00e0 Transformateurs Pioneer est et sera trait\u00e9 comme non-confidentiel et non-exclusif. En transmettant ou en publiant toute communication ou mat\u00e9riel sur ce site, vous acceptez que Transformateurs Pioneer puisse utiliser votre communication \u00e0 toute fin. L&rsquo;information contenue sur ce site est consid\u00e9r\u00e9e comme fiable. Elle est destin\u00e9e \u00e0 servir de guide aux personnes ayant des comp\u00e9tences techniques, et ce, \u00e0 leur propre discr\u00e9tion et \u00e0 leurs risques. Nous ne garantissons pas de r\u00e9sultats favorables et n&rsquo;assumons aucune responsabilit\u00e9 en rapport avec l\u2019utilisation de l\u2019information contenue sur ce site. Les dimensions fournies ne sont donn\u00e9es qu&rsquo;\u00e0 titre indicatif. Pour des exigences dimensionnelles sp\u00e9cifiques, consultez notre \u00e9quipe.<\/p>\n<h3 class=\"fusion-responsive-typography-calculated\" data-fontsize=\"36\" data-lineheight=\"46.8px\">Exclusion de garanties<\/h3>\n<p>Les informations contenues sur ce site web ne doivent \u00eatre utilis\u00e9es qu&rsquo;\u00e0 titre informatif. L&rsquo;information est fournie sur une base \u00ab\u00a0telle quelle\u00a0\u00bb seulement; bien que nous ayons tent\u00e9 de fournir de l&rsquo;information pr\u00e9cise et \u00e0 jour, nous nous excusons pour toute inexactitude technique ou factuelle et toute erreur typographique et nous nous r\u00e9servons le droit de faire des changements et des corrections en tout temps, sans pr\u00e9avis. Transformateurs Pioneer ne garantit pas l&rsquo;exactitude ou l&rsquo;exhaustivit\u00e9 de l&rsquo;information, du texte, des graphiques ou des liens disponibles sur ou \u00e0 travers ce site et d\u00e9cline express\u00e9ment toute responsabilit\u00e9 pour les erreurs ou omissions qui pourraient s\u2019y trouver. Transformateurs Pioneer d\u00e9cline par la pr\u00e9sente toutes les garanties et conditions concernant le contenu de ce site, y compris mais non limit\u00e9 \u00e0 toutes les garanties et conditions implicites de qualit\u00e9 marchande ou de conformit\u00e9 \u00e0 un usage particulier et de titre. Transformateurs Pioneer n&rsquo;est pas responsable de tout dommage direct, indirect, exemplaire ou cons\u00e9cutif ou de tout autre dommage quel qu&rsquo;il soit, y compris mais non limit\u00e9 \u00e0 la perte d&rsquo;utilisation, de donn\u00e9es ou de profits r\u00e9sultant de l&rsquo;acc\u00e8s ou de l&rsquo;utilisation du contenu de ce site ou du contenu d\u2019un site li\u00e9 \u00e0 celui de Transformateurs Pioneer.<\/p>\n<h3 class=\"fusion-responsive-typography-calculated\" data-fontsize=\"36\" data-lineheight=\"46.8px\">Hyperliens<\/h3>\n<p>Un nombre restreint d&rsquo;hyperliens est fourni sur ce site web pour diriger l&rsquo;utilisateur \u00e0 d&rsquo;autres sites\/ressources internet; ces liens vers d&rsquo;autres sites sont uniquement fournis pour la commodit\u00e9 de l&rsquo;utilisateur. Transformateurs Pioneer n&rsquo;a aucun contr\u00f4le sur le contenu, le d\u00e9veloppement et la mise \u00e0 jour de tels sites; l&rsquo;inclusion de tels liens ne signifie pas que ces sites, leurs propri\u00e9taires ou leurs fournisseurs sont approuv\u00e9s, autoris\u00e9s, parrain\u00e9s ou affili\u00e9s par ou \u00e0 Transformateurs Pioneer. Transformateurs Pioneer n&rsquo;a ni test\u00e9 ni v\u00e9rifi\u00e9 le contenu, l&rsquo;exactitude, les opinions exprim\u00e9es par de tels sites ou les autres liens fournis par de tels sites et rejette toute garantie ou responsabilit\u00e9 pour les dommages qui pourraient y \u00eatre associ\u00e9s.<\/p>\n<h3 class=\"fusion-responsive-typography-calculated\" data-fontsize=\"36\" data-lineheight=\"46.8px\">Marques de commerce<\/h3>\n<p>Transformateurs Pioneer, le logo du boulon, ainsi que les produits auxquels il est fait r\u00e9f\u00e9rence sur ce site web sont des marques de commerce d\u00e9pos\u00e9es ou non de Transformateurs Pioneer et de nos filiales. D&rsquo;autres produits et noms de compagnies auxquels il est fait r\u00e9f\u00e9rence sur ce site web peuvent \u00eatre des marques de commerce de leurs propri\u00e9taires respectifs. Aucune autorisation n&rsquo;est accord\u00e9e pour l&rsquo;utilisation des noms de compagnie\/produit, des marques de commerce ou des noms commerciaux inclus sur ce site web pour toute raison autre qu\u2019un seul but informatif. Rien de ce qui est contenu sur le site web de Transformateurs Pioneer ne doit \u00eatre interpr\u00e9t\u00e9 comme accordant implicitement, par voie de pr\u00e9clusion (estoppel) ou d\u2019une fa\u00e7on quelconque, une licence ou un droit d&rsquo;utiliser toute marque de commerce affich\u00e9e sur les sites web de Transformateurs Pioneer sans l&rsquo;autorisation \u00e9crite de Transformateurs Pioneer. L&rsquo;utilisation abusive de toute marque de commerce ou de tout contenu affich\u00e9 sur le site web de Transformateurs Pioneer est interdite. Transformateurs Pioneer s\u2019assure vigoureusement du respect de ses droits de propri\u00e9t\u00e9 intellectuelle, y compris par l\u2019institution de proc\u00e9dures civiles et criminelles.<\/p>\n<\/div><\/div><\/div><\/div><\/div>\n","protected":false},"excerpt":{"rendered":"","protected":false},"author":1,"featured_media":0,"parent":0,"menu_order":0,"comment_status":"closed","ping_status":"closed","template":"100-width.php","meta":{"footnotes":""},"class_list":["post-2843","page","type-page","status-publish","hentry"],"yoast_head":"<!-- This site is optimized with the Yoast SEO plugin v27.5 - https:\/\/yoast.com\/product\/yoast-seo-wordpress\/ -->\n<title>Politique de Confidentialit\u00e9 - Transformateurs Pioneer<\/title>\n<meta name=\"description\" content=\"Chez Transformateurs Pioneer, notre relation avec nos clients est primordiale. Dans le but de mieux conna\u00eetre nos visiteurs, nous pouvons utiliser la technologie des \u00ab cookies \u00bb pour uniquement obtenir des informations non personnelles, et ce, afin d\u2019am\u00e9liorer l\u2019exp\u00e9rience des visiteurs en ligne.\" \/>\n<meta name=\"robots\" content=\"index, follow, max-snippet:-1, max-image-preview:large, max-video-preview:-1\" \/>\n<link rel=\"canonical\" href=\"https:\/\/pioneertransformers.com\/fr\/politique-de-confidentialite\/\" \/>\n<meta property=\"og:locale\" content=\"fr_CA\" \/>\n<meta property=\"og:type\" content=\"article\" \/>\n<meta property=\"og:title\" content=\"Politique de Confidentialit\u00e9 - Transformateurs Pioneer\" \/>\n<meta property=\"og:description\" content=\"Chez Transformateurs Pioneer, notre relation avec nos clients est primordiale. Dans le but de mieux conna\u00eetre nos visiteurs, nous pouvons utiliser la technologie des \u00ab cookies \u00bb pour uniquement obtenir des informations non personnelles, et ce, afin d\u2019am\u00e9liorer l\u2019exp\u00e9rience des visiteurs en ligne.\" \/>\n<meta property=\"og:url\" content=\"https:\/\/pioneertransformers.com\/fr\/politique-de-confidentialite\/\" \/>\n<meta property=\"og:site_name\" content=\"Transformateurs Pioneer\" \/>\n<meta property=\"article:modified_time\" content=\"2023-11-03T17:42:51+00:00\" \/>\n<meta name=\"twitter:card\" content=\"summary_large_image\" \/>\n<meta name=\"twitter:label1\" content=\"Estimation du temps de lecture\" \/>\n\t<meta name=\"twitter:data1\" content=\"5 minutes\" \/>\n<script type=\"application\/ld+json\" class=\"yoast-schema-graph\">{\"@context\":\"https:\\\/\\\/schema.org\",\"@graph\":[{\"@type\":\"WebPage\",\"@id\":\"https:\\\/\\\/pioneertransformers.com\\\/fr\\\/politique-de-confidentialite\\\/\",\"url\":\"https:\\\/\\\/pioneertransformers.com\\\/fr\\\/politique-de-confidentialite\\\/\",\"name\":\"Politique de Confidentialit\u00e9 - Transformateurs Pioneer\",\"isPartOf\":{\"@id\":\"https:\\\/\\\/pioneertransformers.com\\\/fr\\\/#website\"},\"datePublished\":\"2021-04-01T20:02:05+00:00\",\"dateModified\":\"2023-11-03T17:42:51+00:00\",\"description\":\"Chez Transformateurs Pioneer, notre relation avec nos clients est primordiale. Dans le but de mieux conna\u00eetre nos visiteurs, nous pouvons utiliser la technologie des \u00ab cookies \u00bb pour uniquement obtenir des informations non personnelles, et ce, afin d\u2019am\u00e9liorer l\u2019exp\u00e9rience des visiteurs en ligne.\",\"inLanguage\":\"fr-CA\",\"potentialAction\":[{\"@type\":\"ReadAction\",\"target\":[\"https:\\\/\\\/pioneertransformers.com\\\/fr\\\/politique-de-confidentialite\\\/\"]}]},{\"@type\":\"WebSite\",\"@id\":\"https:\\\/\\\/pioneertransformers.com\\\/fr\\\/#website\",\"url\":\"https:\\\/\\\/pioneertransformers.com\\\/fr\\\/\",\"name\":\"Transformateurs Pioneer\",\"description\":\"Une Compagnie De Spire Power Solutions\",\"potentialAction\":[{\"@type\":\"SearchAction\",\"target\":{\"@type\":\"EntryPoint\",\"urlTemplate\":\"https:\\\/\\\/pioneertransformers.com\\\/fr\\\/?s={search_term_string}\"},\"query-input\":{\"@type\":\"PropertyValueSpecification\",\"valueRequired\":true,\"valueName\":\"search_term_string\"}}],\"inLanguage\":\"fr-CA\"}]}<\/script>\n<!-- \/ Yoast SEO plugin. -->","yoast_head_json":{"title":"Politique de Confidentialit\u00e9 - Transformateurs Pioneer","description":"Chez Transformateurs Pioneer, notre relation avec nos clients est primordiale. Dans le but de mieux conna\u00eetre nos visiteurs, nous pouvons utiliser la technologie des \u00ab cookies \u00bb pour uniquement obtenir des informations non personnelles, et ce, afin d\u2019am\u00e9liorer l\u2019exp\u00e9rience des visiteurs en ligne.","robots":{"index":"index","follow":"follow","max-snippet":"max-snippet:-1","max-image-preview":"max-image-preview:large","max-video-preview":"max-video-preview:-1"},"canonical":"https:\/\/pioneertransformers.com\/fr\/politique-de-confidentialite\/","og_locale":"fr_CA","og_type":"article","og_title":"Politique de Confidentialit\u00e9 - Transformateurs Pioneer","og_description":"Chez Transformateurs Pioneer, notre relation avec nos clients est primordiale. Dans le but de mieux conna\u00eetre nos visiteurs, nous pouvons utiliser la technologie des \u00ab cookies \u00bb pour uniquement obtenir des informations non personnelles, et ce, afin d\u2019am\u00e9liorer l\u2019exp\u00e9rience des visiteurs en ligne.","og_url":"https:\/\/pioneertransformers.com\/fr\/politique-de-confidentialite\/","og_site_name":"Transformateurs Pioneer","article_modified_time":"2023-11-03T17:42:51+00:00","twitter_card":"summary_large_image","twitter_misc":{"Estimation du temps de lecture":"5 minutes"},"schema":{"@context":"https:\/\/schema.org","@graph":[{"@type":"WebPage","@id":"https:\/\/pioneertransformers.com\/fr\/politique-de-confidentialite\/","url":"https:\/\/pioneertransformers.com\/fr\/politique-de-confidentialite\/","name":"Politique de Confidentialit\u00e9 - Transformateurs Pioneer","isPartOf":{"@id":"https:\/\/pioneertransformers.com\/fr\/#website"},"datePublished":"2021-04-01T20:02:05+00:00","dateModified":"2023-11-03T17:42:51+00:00","description":"Chez Transformateurs Pioneer, notre relation avec nos clients est primordiale. Dans le but de mieux conna\u00eetre nos visiteurs, nous pouvons utiliser la technologie des \u00ab cookies \u00bb pour uniquement obtenir des informations non personnelles, et ce, afin d\u2019am\u00e9liorer l\u2019exp\u00e9rience des visiteurs en ligne.","inLanguage":"fr-CA","potentialAction":[{"@type":"ReadAction","target":["https:\/\/pioneertransformers.com\/fr\/politique-de-confidentialite\/"]}]},{"@type":"WebSite","@id":"https:\/\/pioneertransformers.com\/fr\/#website","url":"https:\/\/pioneertransformers.com\/fr\/","name":"Transformateurs Pioneer","description":"Une Compagnie De Spire Power Solutions","potentialAction":[{"@type":"SearchAction","target":{"@type":"EntryPoint","urlTemplate":"https:\/\/pioneertransformers.com\/fr\/?s={search_term_string}"},"query-input":{"@type":"PropertyValueSpecification","valueRequired":true,"valueName":"search_term_string"}}],"inLanguage":"fr-CA"}]}},"_links":{"self":[{"href":"https:\/\/pioneertransformers.com\/fr\/wp-json\/wp\/v2\/pages\/2843","targetHints":{"allow":["GET"]}}],"collection":[{"href":"https:\/\/pioneertransformers.com\/fr\/wp-json\/wp\/v2\/pages"}],"about":[{"href":"https:\/\/pioneertransformers.com\/fr\/wp-json\/wp\/v2\/types\/page"}],"author":[{"embeddable":true,"href":"https:\/\/pioneertransformers.com\/fr\/wp-json\/wp\/v2\/users\/1"}],"replies":[{"embeddable":true,"href":"https:\/\/pioneertransformers.com\/fr\/wp-json\/wp\/v2\/comments?post=2843"}],"version-history":[{"count":5,"href":"https:\/\/pioneertransformers.com\/fr\/wp-json\/wp\/v2\/pages\/2843\/revisions"}],"predecessor-version":[{"id":2852,"href":"https:\/\/pioneertransformers.com\/fr\/wp-json\/wp\/v2\/pages\/2843\/revisions\/2852"}],"wp:attachment":[{"href":"https:\/\/pioneertransformers.com\/fr\/wp-json\/wp\/v2\/media?parent=2843"}],"curies":[{"name":"wp","href":"https:\/\/api.w.org\/{rel}","templated":true}]}}