{"id":2783,"date":"2021-03-30T18:49:20","date_gmt":"2021-03-30T18:49:20","guid":{"rendered":"https:\/\/pioneertransformers.com\/carrieres\/"},"modified":"2025-09-30T17:58:21","modified_gmt":"2025-09-30T23:58:21","slug":"carrieres","status":"publish","type":"page","link":"https:\/\/pioneertransformers.com\/fr\/carrieres\/","title":{"rendered":"Carri\u00e8res"},"content":{"rendered":"<div class=\"fusion-fullwidth fullwidth-box fusion-builder-row-1 fusion-flex-container hundred-percent-fullwidth non-hundred-percent-height-scrolling\" style=\"--awb-border-sizes-top:0px;--awb-border-sizes-bottom:0px;--awb-border-sizes-left:0px;--awb-border-sizes-right:0px;--awb-border-radius-top-left:0px;--awb-border-radius-top-right:0px;--awb-border-radius-bottom-right:0px;--awb-border-radius-bottom-left:0px;--awb-padding-top:0px;--awb-padding-right:0px;--awb-padding-bottom:0px;--awb-padding-left:0px;--awb-background-color:rgba(187,187,197,0.2);--awb-flex-wrap:wrap;\" ><div class=\"fusion-builder-row fusion-row fusion-flex-align-items-flex-start fusion-flex-content-wrap\" style=\"width:104% !important;max-width:104% !important;margin-left: calc(-4% \/ 2 );margin-right: calc(-4% \/ 2 );\"><div class=\"fusion-layout-column fusion_builder_column fusion-builder-column-0 fusion_builder_column_1_2 1_2 fusion-flex-column\" style=\"--awb-padding-top:7%;--awb-padding-right:14%;--awb-padding-bottom:7%;--awb-padding-left:14%;--awb-bg-size:cover;--awb-width-large:50%;--awb-margin-top-large:0px;--awb-spacing-right-large:3.84%;--awb-margin-bottom-large:0px;--awb-spacing-left-large:3.84%;--awb-width-medium:100%;--awb-order-medium:0;--awb-spacing-right-medium:1.92%;--awb-spacing-left-medium:1.92%;--awb-width-small:100%;--awb-order-small:0;--awb-spacing-right-small:1.92%;--awb-spacing-left-small:1.92%;\"><div class=\"fusion-column-wrapper fusion-column-has-shadow fusion-flex-justify-content-center fusion-content-layout-column\"><div class=\"fusion-text fusion-text-1\" style=\"--awb-text-transform:none;\"><p style=\"font-weight: 400;\"><span style=\"font-weight: inherit; font-style: inherit;\">Nous sommes toujours \u00e0 la recherche de candidats motiv\u00e9s et de haut niveau pour rejoindre notre \u00e9quipe talentueuse. Si vous souhaitez vous \u00e9panouir au sein d&rsquo;une entreprise innovante et en pleine croissance, envoyez d\u00e8s aujourd&rsquo;hui votre CV \u00e0 notre \u00e9quipe des ressources humaines.<\/span><\/p>\n<h3 style=\"font-weight: 400; --fontSize: 36; line-height: 1.3;\" data-fontsize=\"36\" data-lineheight=\"46.8px\" class=\"fusion-responsive-typography-calculated\"><a href=\"https:\/\/careers-ermcoeci.icims.com\/\"><span style=\"font-weight: inherit; font-style: inherit;\">Chercheurs d&#8217;emploi<\/span><\/a><\/h3>\n<p style=\"font-weight: 400;\"><span style=\"font-weight: inherit; font-style: inherit;\"><a href=\"https:\/\/careers-french-ermcoeci.icims.com\/jobs\/search?mobile=false&amp;width=1512&amp;height=500&amp;bga=true&amp;needsRedirect=false&amp;jan1offset=-360&amp;jun1offset=-300\">La page des carri\u00e8res<\/a> vous permet de rechercher et de postuler \u00e0 des emplois dans tous nos \u00e9tablissements.<\/span><\/p>\n<h3 style=\"font-weight: 400; --fontSize: 36; line-height: 1.3;\" data-fontsize=\"36\" data-lineheight=\"46.8px\" class=\"fusion-responsive-typography-calculated\"><\/h3>\n<\/div><\/div><\/div><div class=\"fusion-layout-column fusion_builder_column fusion-builder-column-1 fusion_builder_column_1_2 1_2 fusion-flex-column fusion-flex-align-self-stretch\" style=\"--awb-padding-top:7%;--awb-padding-right:14%;--awb-padding-bottom:7%;--awb-padding-left:14%;--awb-bg-image:url(&#039;https:\/\/pioneertransformers.com\/wp-content\/uploads\/2021\/03\/pioneer-employee-careers.jpg&#039;);--awb-bg-position:center bottom;--awb-bg-size:cover;--awb-width-large:50%;--awb-margin-top-large:0px;--awb-spacing-right-large:2.56%;--awb-margin-bottom-large:0px;--awb-spacing-left-large:3.84%;--awb-width-medium:100%;--awb-order-medium:0;--awb-spacing-right-medium:0%;--awb-spacing-left-medium:1.92%;--awb-width-small:100%;--awb-order-small:0;--awb-spacing-right-small:1.92%;--awb-spacing-left-small:1.92%;\"><div class=\"fusion-column-wrapper fusion-column-has-shadow fusion-flex-justify-content-flex-start fusion-content-layout-column fusion-empty-column-bg-image fusion-column-has-bg-image\" data-bg-url=\"https:\/\/pioneertransformers.com\/wp-content\/uploads\/2021\/03\/pioneer-employee-careers.jpg\"><img decoding=\"async\" class=\"fusion-empty-dims-img-placeholder\" aria-label=\"pioneer-employee-careers\" src=\"data:image\/svg+xml,%3Csvg%20xmlns%3D%27http%3A%2F%2Fwww.w3.org%2F2000%2Fsvg%27%20width%3D%271654%27%20height%3D%271310%27%20viewBox%3D%270%200%201654%201310%27%3E%3Crect%20width%3D%271654%27%20height%3D%271310%27%20fill-opacity%3D%220%22%2F%3E%3C%2Fsvg%3E\"><\/div><\/div><\/div><\/div>\n","protected":false},"excerpt":{"rendered":"","protected":false},"author":1,"featured_media":2693,"parent":0,"menu_order":0,"comment_status":"closed","ping_status":"closed","template":"100-width.php","meta":{"footnotes":""},"class_list":["post-2783","page","type-page","status-publish","has-post-thumbnail","hentry"],"yoast_head":"<!-- This site is optimized with the Yoast SEO plugin v27.3 - https:\/\/yoast.com\/product\/yoast-seo-wordpress\/ -->\n<title>Trouvez votre carri\u00e8re chez Transformateurs Pioneer<\/title>\n<meta name=\"description\" content=\"Si vous cherchez \u00e0 prosp\u00e9rer au sein d&#039;une entreprise innovante et en croissance, soumettez votre curriculum vitae \u00e0 notre \u00e9quipe des ressources humaines d\u00e8s aujourd&#039;hui.\" \/>\n<meta name=\"robots\" content=\"index, follow, max-snippet:-1, max-image-preview:large, max-video-preview:-1\" \/>\n<link rel=\"canonical\" href=\"https:\/\/pioneertransformers.com\/fr\/carrieres\/\" \/>\n<meta property=\"og:locale\" content=\"fr_CA\" \/>\n<meta property=\"og:type\" content=\"article\" \/>\n<meta property=\"og:title\" content=\"Trouvez votre carri\u00e8re chez Transformateurs Pioneer\" \/>\n<meta property=\"og:description\" content=\"Si vous cherchez \u00e0 prosp\u00e9rer au sein d&#039;une entreprise innovante et en croissance, soumettez votre curriculum vitae \u00e0 notre \u00e9quipe des ressources humaines d\u00e8s aujourd&#039;hui.\" \/>\n<meta property=\"og:url\" content=\"https:\/\/pioneertransformers.com\/fr\/carrieres\/\" \/>\n<meta property=\"og:site_name\" content=\"Transformateurs Pioneer\" \/>\n<meta property=\"article:modified_time\" content=\"2025-09-30T23:58:21+00:00\" \/>\n<meta property=\"og:image\" content=\"https:\/\/pioneertransformers.com\/wp-content\/uploads\/2021\/02\/marquee-careers.jpg\" \/>\n\t<meta property=\"og:image:width\" content=\"1400\" \/>\n\t<meta property=\"og:image:height\" content=\"500\" \/>\n\t<meta property=\"og:image:type\" content=\"image\/jpeg\" \/>\n<meta name=\"twitter:card\" content=\"summary_large_image\" \/>\n<meta name=\"twitter:label1\" content=\"Estimation du temps de lecture\" \/>\n\t<meta name=\"twitter:data1\" content=\"3 minutes\" \/>\n<script type=\"application\/ld+json\" class=\"yoast-schema-graph\">{\"@context\":\"https:\\\/\\\/schema.org\",\"@graph\":[{\"@type\":\"WebPage\",\"@id\":\"https:\\\/\\\/pioneertransformers.com\\\/fr\\\/carrieres\\\/\",\"url\":\"https:\\\/\\\/pioneertransformers.com\\\/fr\\\/carrieres\\\/\",\"name\":\"Trouvez votre carri\u00e8re chez Transformateurs Pioneer\",\"isPartOf\":{\"@id\":\"https:\\\/\\\/pioneertransformers.com\\\/fr\\\/#website\"},\"primaryImageOfPage\":{\"@id\":\"https:\\\/\\\/pioneertransformers.com\\\/fr\\\/carrieres\\\/#primaryimage\"},\"image\":{\"@id\":\"https:\\\/\\\/pioneertransformers.com\\\/fr\\\/carrieres\\\/#primaryimage\"},\"thumbnailUrl\":\"https:\\\/\\\/pioneertransformers.com\\\/wp-content\\\/uploads\\\/2021\\\/02\\\/marquee-careers.jpg\",\"datePublished\":\"2021-03-30T18:49:20+00:00\",\"dateModified\":\"2025-09-30T23:58:21+00:00\",\"description\":\"Si vous cherchez \u00e0 prosp\u00e9rer au sein d'une entreprise innovante et en croissance, soumettez votre curriculum vitae \u00e0 notre \u00e9quipe des ressources humaines d\u00e8s aujourd'hui.\",\"inLanguage\":\"fr-CA\",\"potentialAction\":[{\"@type\":\"ReadAction\",\"target\":[\"https:\\\/\\\/pioneertransformers.com\\\/fr\\\/carrieres\\\/\"]}]},{\"@type\":\"ImageObject\",\"inLanguage\":\"fr-CA\",\"@id\":\"https:\\\/\\\/pioneertransformers.com\\\/fr\\\/carrieres\\\/#primaryimage\",\"url\":\"https:\\\/\\\/pioneertransformers.com\\\/wp-content\\\/uploads\\\/2021\\\/02\\\/marquee-careers.jpg\",\"contentUrl\":\"https:\\\/\\\/pioneertransformers.com\\\/wp-content\\\/uploads\\\/2021\\\/02\\\/marquee-careers.jpg\",\"width\":1400,\"height\":500},{\"@type\":\"WebSite\",\"@id\":\"https:\\\/\\\/pioneertransformers.com\\\/fr\\\/#website\",\"url\":\"https:\\\/\\\/pioneertransformers.com\\\/fr\\\/\",\"name\":\"Transformateurs Pioneer\",\"description\":\"Une Compagnie De Spire Power Solutions\",\"potentialAction\":[{\"@type\":\"SearchAction\",\"target\":{\"@type\":\"EntryPoint\",\"urlTemplate\":\"https:\\\/\\\/pioneertransformers.com\\\/fr\\\/?s={search_term_string}\"},\"query-input\":{\"@type\":\"PropertyValueSpecification\",\"valueRequired\":true,\"valueName\":\"search_term_string\"}}],\"inLanguage\":\"fr-CA\"}]}<\/script>\n<!-- \/ Yoast SEO plugin. -->","yoast_head_json":{"title":"Trouvez votre carri\u00e8re chez Transformateurs Pioneer","description":"Si vous cherchez \u00e0 prosp\u00e9rer au sein d'une entreprise innovante et en croissance, soumettez votre curriculum vitae \u00e0 notre \u00e9quipe des ressources humaines d\u00e8s aujourd'hui.","robots":{"index":"index","follow":"follow","max-snippet":"max-snippet:-1","max-image-preview":"max-image-preview:large","max-video-preview":"max-video-preview:-1"},"canonical":"https:\/\/pioneertransformers.com\/fr\/carrieres\/","og_locale":"fr_CA","og_type":"article","og_title":"Trouvez votre carri\u00e8re chez Transformateurs Pioneer","og_description":"Si vous cherchez \u00e0 prosp\u00e9rer au sein d'une entreprise innovante et en croissance, soumettez votre curriculum vitae \u00e0 notre \u00e9quipe des ressources humaines d\u00e8s aujourd'hui.","og_url":"https:\/\/pioneertransformers.com\/fr\/carrieres\/","og_site_name":"Transformateurs Pioneer","article_modified_time":"2025-09-30T23:58:21+00:00","og_image":[{"width":1400,"height":500,"url":"https:\/\/pioneertransformers.com\/wp-content\/uploads\/2021\/02\/marquee-careers.jpg","type":"image\/jpeg"}],"twitter_card":"summary_large_image","twitter_misc":{"Estimation du temps de lecture":"3 minutes"},"schema":{"@context":"https:\/\/schema.org","@graph":[{"@type":"WebPage","@id":"https:\/\/pioneertransformers.com\/fr\/carrieres\/","url":"https:\/\/pioneertransformers.com\/fr\/carrieres\/","name":"Trouvez votre carri\u00e8re chez Transformateurs Pioneer","isPartOf":{"@id":"https:\/\/pioneertransformers.com\/fr\/#website"},"primaryImageOfPage":{"@id":"https:\/\/pioneertransformers.com\/fr\/carrieres\/#primaryimage"},"image":{"@id":"https:\/\/pioneertransformers.com\/fr\/carrieres\/#primaryimage"},"thumbnailUrl":"https:\/\/pioneertransformers.com\/wp-content\/uploads\/2021\/02\/marquee-careers.jpg","datePublished":"2021-03-30T18:49:20+00:00","dateModified":"2025-09-30T23:58:21+00:00","description":"Si vous cherchez \u00e0 prosp\u00e9rer au sein d'une entreprise innovante et en croissance, soumettez votre curriculum vitae \u00e0 notre \u00e9quipe des ressources humaines d\u00e8s aujourd'hui.","inLanguage":"fr-CA","potentialAction":[{"@type":"ReadAction","target":["https:\/\/pioneertransformers.com\/fr\/carrieres\/"]}]},{"@type":"ImageObject","inLanguage":"fr-CA","@id":"https:\/\/pioneertransformers.com\/fr\/carrieres\/#primaryimage","url":"https:\/\/pioneertransformers.com\/wp-content\/uploads\/2021\/02\/marquee-careers.jpg","contentUrl":"https:\/\/pioneertransformers.com\/wp-content\/uploads\/2021\/02\/marquee-careers.jpg","width":1400,"height":500},{"@type":"WebSite","@id":"https:\/\/pioneertransformers.com\/fr\/#website","url":"https:\/\/pioneertransformers.com\/fr\/","name":"Transformateurs Pioneer","description":"Une Compagnie De Spire Power Solutions","potentialAction":[{"@type":"SearchAction","target":{"@type":"EntryPoint","urlTemplate":"https:\/\/pioneertransformers.com\/fr\/?s={search_term_string}"},"query-input":{"@type":"PropertyValueSpecification","valueRequired":true,"valueName":"search_term_string"}}],"inLanguage":"fr-CA"}]}},"_links":{"self":[{"href":"https:\/\/pioneertransformers.com\/fr\/wp-json\/wp\/v2\/pages\/2783","targetHints":{"allow":["GET"]}}],"collection":[{"href":"https:\/\/pioneertransformers.com\/fr\/wp-json\/wp\/v2\/pages"}],"about":[{"href":"https:\/\/pioneertransformers.com\/fr\/wp-json\/wp\/v2\/types\/page"}],"author":[{"embeddable":true,"href":"https:\/\/pioneertransformers.com\/fr\/wp-json\/wp\/v2\/users\/1"}],"replies":[{"embeddable":true,"href":"https:\/\/pioneertransformers.com\/fr\/wp-json\/wp\/v2\/comments?post=2783"}],"version-history":[{"count":9,"href":"https:\/\/pioneertransformers.com\/fr\/wp-json\/wp\/v2\/pages\/2783\/revisions"}],"predecessor-version":[{"id":4157,"href":"https:\/\/pioneertransformers.com\/fr\/wp-json\/wp\/v2\/pages\/2783\/revisions\/4157"}],"wp:featuredmedia":[{"embeddable":true,"href":"https:\/\/pioneertransformers.com\/fr\/wp-json\/wp\/v2\/media\/2693"}],"wp:attachment":[{"href":"https:\/\/pioneertransformers.com\/fr\/wp-json\/wp\/v2\/media?parent=2783"}],"curies":[{"name":"wp","href":"https:\/\/api.w.org\/{rel}","templated":true}]}}