{"id":2779,"date":"2021-03-30T18:48:12","date_gmt":"2021-03-30T18:48:12","guid":{"rendered":"https:\/\/pioneertransformers.com\/a-propos\/"},"modified":"2025-11-13T13:59:40","modified_gmt":"2025-11-13T19:59:40","slug":"a-propos","status":"publish","type":"page","link":"https:\/\/pioneertransformers.com\/fr\/a-propos\/","title":{"rendered":"\u00c0 propos"},"content":{"rendered":"<p><div class=\"fusion-fullwidth fullwidth-box fusion-builder-row-1 fusion-flex-container nonhundred-percent-fullwidth non-hundred-percent-height-scrolling fusion-animated\" style=\"--awb-background-position:left top;--awb-border-sizes-top:0px;--awb-border-sizes-bottom:0px;--awb-border-sizes-left:0px;--awb-border-sizes-right:0px;--awb-border-radius-top-left:0px;--awb-border-radius-top-right:0px;--awb-border-radius-bottom-right:0px;--awb-border-radius-bottom-left:0px;--awb-padding-top:100px;--awb-padding-right:8%;--awb-padding-bottom:100px;--awb-padding-left:8%;--awb-flex-wrap:wrap;\" data-animationType=\"slideInUp\" data-animationDuration=\"0.3\" data-animationOffset=\"top-into-view\" ><div class=\"fusion-builder-row fusion-row fusion-flex-align-items-center fusion-flex-content-wrap\" style=\"max-width:calc( 100% + 0px );margin-left: calc(-0px \/ 2 );margin-right: calc(-0px \/ 2 );\"><div class=\"fusion-layout-column fusion_builder_column fusion-builder-column-0 fusion_builder_column_1_2 1_2 fusion-flex-column fusion-flex-align-self-center\" style=\"--awb-bg-size:cover;--awb-width-large:50%;--awb-margin-top-large:0px;--awb-spacing-right-large:calc( 0.08 * calc( 100% - 0px ) );--awb-margin-bottom-large:20px;--awb-spacing-left-large:0px;--awb-width-medium:100%;--awb-order-medium:0;--awb-spacing-right-medium:0px;--awb-spacing-left-medium:0px;--awb-width-small:100%;--awb-order-small:0;--awb-spacing-right-small:0px;--awb-spacing-left-small:0px;\"><div class=\"fusion-column-wrapper fusion-column-has-shadow fusion-flex-justify-content-flex-start fusion-content-layout-column\"><div class=\"fusion-text fusion-text-1 responsive-column-count\"><p>Lorsqu&rsquo;il s&rsquo;agit de solutions hautement sophistiqu\u00e9es pour des transformateurs, l&rsquo;industrie \u00e9lectrique se tourne vers les transformateurs Pioneer. Fond\u00e9e en 1965, nous soutenons les services publics, les clients industriels et commerciaux ainsi que les parcs \u00e9oliens et solaires avec des transformateurs sp\u00e9cialis\u00e9s et de remplacement.<\/p>\n<\/div><\/div><\/div><div class=\"fusion-layout-column fusion_builder_column fusion-builder-column-1 fusion_builder_column_1_2 1_2 fusion-flex-column fusion-flex-align-self-center\" style=\"--awb-padding-top:0px;--awb-padding-right:0px;--awb-padding-bottom:0px;--awb-padding-left:0px;--awb-bg-size:cover;--awb-width-large:50%;--awb-margin-top-large:0px;--awb-spacing-right-large:0px;--awb-margin-bottom-large:0px;--awb-spacing-left-large:calc( 0.08 * calc( 100% - 0px ) );--awb-width-medium:100%;--awb-order-medium:0;--awb-spacing-right-medium:0px;--awb-spacing-left-medium:0px;--awb-width-small:100%;--awb-order-small:0;--awb-spacing-right-small:0px;--awb-spacing-left-small:0px;\"><div class=\"fusion-column-wrapper fusion-column-has-shadow fusion-flex-justify-content-flex-start fusion-content-layout-column\"><div style=\"text-align:left;\"><a class=\"fusion-button button-flat button-xlarge button-custom fusion-button-default button-1 fusion-button-default-span fusion-button-default-type\" style=\"--awb-margin-top:0px;--button_accent_color:#000000;--button_accent_hover_color:#ffffff;--button_border_hover_color:#ee3b33;--button_border_width-top:3px;--button_border_width-right:3px;--button_border_width-bottom:3px;--button_border_width-left:3px;--button_gradient_top_color:#ffffff;--button_gradient_bottom_color:#ffffff;--button_gradient_top_color_hover:#ee3b33;--button_gradient_bottom_color_hover:#ee3b33;--button_text_transform:uppercase;\" target=\"_self\" href=\"https:\/\/pioneertransformers.com\/fr\/nos-produits\/\"><span class=\"fusion-button-text awb-button__text awb-button__text--default\">D\u00e9couvrez nos produits <\/span><i class=\"fa-angle-right fas awb-button__icon awb-button__icon--default button-icon-right\" aria-hidden=\"true\"><\/i><\/a><\/div><\/div><\/div><\/div><\/div><div class=\"fusion-fullwidth fullwidth-box fusion-builder-row-2 fusion-flex-container hundred-percent-fullwidth non-hundred-percent-height-scrolling\" style=\"--awb-border-sizes-top:0px;--awb-border-sizes-bottom:0px;--awb-border-sizes-left:0px;--awb-border-sizes-right:0px;--awb-border-radius-top-left:0px;--awb-border-radius-top-right:0px;--awb-border-radius-bottom-right:0px;--awb-border-radius-bottom-left:0px;--awb-padding-top:0px;--awb-padding-right:0px;--awb-padding-bottom:0px;--awb-padding-left:0px;--awb-background-color:rgba(187,187,197,0.2);--awb-flex-wrap:wrap;\" ><div class=\"fusion-builder-row fusion-row fusion-flex-align-items-stretch fusion-flex-content-wrap\" style=\"width:104% !important;max-width:104% !important;margin-left: calc(-4% \/ 2 );margin-right: calc(-4% \/ 2 );\"><div class=\"fusion-layout-column fusion_builder_column fusion-builder-column-2 fusion_builder_column_1_2 1_2 fusion-flex-column\" style=\"--awb-padding-top:7%;--awb-padding-right:10%;--awb-padding-bottom:7%;--awb-padding-left:14%;--awb-bg-size:cover;--awb-width-large:50%;--awb-margin-top-large:0px;--awb-spacing-right-large:3.84%;--awb-margin-bottom-large:0px;--awb-spacing-left-large:3.84%;--awb-width-medium:100%;--awb-order-medium:0;--awb-spacing-right-medium:1.92%;--awb-spacing-left-medium:1.92%;--awb-width-small:100%;--awb-order-small:0;--awb-spacing-right-small:1.92%;--awb-spacing-left-small:1.92%;\"><div class=\"fusion-column-wrapper fusion-column-has-shadow fusion-flex-justify-content-center fusion-content-layout-column\"><div class=\"fusion-text fusion-text-2\"><h2>Une soci\u00e9t\u00e9 de ERMCO<\/h2>\n<\/div><div class=\"fusion-text fusion-text-3 responsive-column-count\"><p>ERMCO, Inc. est votre partenaire unique pour les transformateurs et les solutions d\u2019alimentation. Bas\u00e9e \u00e0 Dyersburg, Tennessee depuis 1971, ERMCO fournit la plus large gamme de produits, de services et de soutien de l\u2019industrie aux march\u00e9s des services publics, des \u00e9nergies renouvelables, de l\u2019\u00e9nergie publique, du commerce et de l\u2019industrie. ERMCO est une filiale en propri\u00e9t\u00e9 exclusive d\u2019AECI.<\/p>\n<\/div><div style=\"text-align:left;\"><a class=\"fusion-button button-flat button-xlarge button-custom fusion-button-default button-2 fusion-button-default-span fusion-button-default-type\" style=\"--awb-margin-top:50px;--button_accent_color:#000000;--button_accent_hover_color:#ffffff;--button_border_hover_color:#ee3b33;--button_border_width-top:3px;--button_border_width-right:3px;--button_border_width-bottom:3px;--button_border_width-left:3px;--button_gradient_top_color:transparent;--button_gradient_bottom_color:transparent;--button_gradient_top_color_hover:#ee3b33;--button_gradient_bottom_color_hover:#ee3b33;--button_text_transform:uppercase;\" target=\"_blank\" rel=\"noopener noreferrer\" href=\"https:\/\/ermco-eci.com\/\"><span class=\"fusion-button-text awb-button__text awb-button__text--default\">En apprendre encore plus<\/span><i class=\"fa-angle-right fas awb-button__icon awb-button__icon--default button-icon-right\" aria-hidden=\"true\"><\/i><\/a><\/div><\/div><\/div><div class=\"fusion-layout-column fusion_builder_column fusion-builder-column-3 fusion_builder_column_1_2 1_2 fusion-flex-column fusion-flex-align-self-stretch bg-about-spire\" style=\"--awb-bg-position:center bottom;--awb-bg-size:cover;--awb-width-large:50%;--awb-margin-top-large:0px;--awb-spacing-right-large:3.84%;--awb-margin-bottom-large:0px;--awb-spacing-left-large:3.84%;--awb-width-medium:100%;--awb-order-medium:0;--awb-spacing-right-medium:0%;--awb-spacing-left-medium:1.92%;--awb-width-small:100%;--awb-order-small:0;--awb-spacing-right-small:1.92%;--awb-spacing-left-small:1.92%;\" data-scroll-devices=\"small-visibility,medium-visibility,large-visibility\"><div class=\"fusion-column-wrapper fusion-column-has-shadow fusion-flex-justify-content-flex-start fusion-content-layout-column\"><div class=\"fusion-image-element \" style=\"text-align:left;--awb-aspect-ratio:4 \/ 3;--awb-object-position:29% 51%;--awb-caption-title-font-family:var(--h2_typography-font-family);--awb-caption-title-font-weight:var(--h2_typography-font-weight);--awb-caption-title-font-style:var(--h2_typography-font-style);--awb-caption-title-size:var(--h2_typography-font-size);--awb-caption-title-transform:var(--h2_typography-text-transform);--awb-caption-title-line-height:var(--h2_typography-line-height);--awb-caption-title-letter-spacing:var(--h2_typography-letter-spacing);\"><span class=\" fusion-imageframe imageframe-none imageframe-1 hover-type-none has-aspect-ratio\"><img decoding=\"async\" width=\"300\" height=\"238\" alt=\"ERMCO\" title=\"Spire-sites-Ermco-section\" src=\"https:\/\/pioneertransformers.com\/wp-content\/uploads\/2023\/05\/Spire-sites-Ermco-section-300x238.jpg\" class=\"img-responsive wp-image-3490 img-with-aspect-ratio\" data-parent-fit=\"cover\" data-parent-container=\".fusion-image-element\" srcset=\"https:\/\/pioneertransformers.com\/wp-content\/uploads\/2023\/05\/Spire-sites-Ermco-section-200x158.jpg 200w, https:\/\/pioneertransformers.com\/wp-content\/uploads\/2023\/05\/Spire-sites-Ermco-section-400x317.jpg 400w, https:\/\/pioneertransformers.com\/wp-content\/uploads\/2023\/05\/Spire-sites-Ermco-section-600x475.jpg 600w, https:\/\/pioneertransformers.com\/wp-content\/uploads\/2023\/05\/Spire-sites-Ermco-section-800x634.jpg 800w, https:\/\/pioneertransformers.com\/wp-content\/uploads\/2023\/05\/Spire-sites-Ermco-section-1200x950.jpg 1200w, https:\/\/pioneertransformers.com\/wp-content\/uploads\/2023\/05\/Spire-sites-Ermco-section.jpg 1654w\" sizes=\"(max-width: 1000px) 100vw, (max-width: 640px) 100vw, (max-width: 1919px) 1200px,(min-width: 1920px) 50vw\" \/><\/span><\/div><\/div><\/div><\/div><\/div><div class=\"fusion-fullwidth fullwidth-box fusion-builder-row-3 fusion-flex-container nonhundred-percent-fullwidth non-hundred-percent-height-scrolling contain\" style=\"--awb-background-position:center top;--awb-border-sizes-top:0px;--awb-border-sizes-bottom:0px;--awb-border-sizes-left:0px;--awb-border-sizes-right:0px;--awb-border-radius-top-left:0px;--awb-border-radius-top-right:0px;--awb-border-radius-bottom-right:0px;--awb-border-radius-bottom-left:0px;--awb-padding-top:100px;--awb-padding-right:8%;--awb-padding-bottom:100px;--awb-padding-left:8%;--awb-padding-bottom-small:30px;--awb-flex-wrap:wrap;\" ><div class=\"fusion-builder-row fusion-row fusion-flex-align-items-flex-start fusion-flex-content-wrap\" style=\"max-width:calc( 100% + 0px );margin-left: calc(-0px \/ 2 );margin-right: calc(-0px \/ 2 );\"><div class=\"fusion-layout-column fusion_builder_column fusion-builder-column-4 fusion_builder_column_1_1 1_1 fusion-flex-column\" style=\"--awb-padding-right:1%;--awb-padding-bottom:74px;--awb-padding-left:1%;--awb-bg-size:cover;--awb-width-large:100%;--awb-margin-top-large:0px;--awb-spacing-right-large:0px;--awb-margin-bottom-large:0px;--awb-spacing-left-large:0px;--awb-width-medium:100%;--awb-order-medium:0;--awb-spacing-right-medium:0px;--awb-spacing-left-medium:0px;--awb-width-small:100%;--awb-order-small:0;--awb-spacing-right-small:0px;--awb-spacing-left-small:0px;\"><div class=\"fusion-column-wrapper fusion-column-has-shadow fusion-flex-justify-content-center fusion-content-layout-column\"><div class=\"fusion-title title fusion-title-1 fusion-sep-none fusion-title-center fusion-title-text fusion-title-size-two\" style=\"--awb-text-color:#0a9684;--awb-margin-top:60px;--awb-margin-top-small:0px;--awb-margin-right-small:0px;--awb-margin-bottom-small:20px;--awb-margin-left-small:0px;\"><h2 class=\"fusion-title-heading title-heading-center fusion-responsive-typography-calculated\" style=\"margin:0;--fontSize:48;line-height:1.1;\"><h2>Construit selon un standard plus \u00e9lev\u00e9<\/h2>\n<h2>Pioneer Transformers est enregistr\u00e9 aux syst\u00e8mes de gestion de la qualit\u00e9 ISO 9001 depuis 1995. <a href=\"https:\/\/pioneertransformers.com\/wp-content\/uploads\/2025\/11\/QM15_31635116-QM15_EN.pdf\" target=\"_blank\" rel=\"noopener\"><strong>En savoir plus &gt;<\/strong><\/a><\/h2><\/h2><\/div><\/div><\/div><\/div><\/div><div class=\"fusion-fullwidth fullwidth-box fusion-builder-row-4 fusion-flex-container nonhundred-percent-fullwidth non-hundred-percent-height-scrolling\" style=\"--link_hover_color: #ee3b33;--link_color: #ffffff;--awb-border-sizes-top:0px;--awb-border-sizes-bottom:0px;--awb-border-sizes-left:0px;--awb-border-sizes-right:0px;--awb-border-radius-top-left:0px;--awb-border-radius-top-right:0px;--awb-border-radius-bottom-right:0px;--awb-border-radius-bottom-left:0px;--awb-padding-top:110px;--awb-padding-right:8%;--awb-padding-bottom:110px;--awb-padding-left:8%;--awb-background-color:#ee3b33;--awb-flex-wrap:wrap;\" ><div class=\"fusion-builder-row fusion-row fusion-flex-align-items-center fusion-flex-justify-content-center fusion-flex-content-wrap\" style=\"max-width:104%;margin-left: calc(-4% \/ 2 );margin-right: calc(-4% \/ 2 );\"><div class=\"fusion-layout-column fusion_builder_column fusion-builder-column-5 fusion_builder_column_3_4 3_4 fusion-flex-column\" style=\"--awb-bg-size:cover;--awb-width-large:75%;--awb-margin-top-large:3%;--awb-spacing-right-large:2.56%;--awb-margin-bottom-large:3%;--awb-spacing-left-large:2.56%;--awb-width-medium:100%;--awb-spacing-right-medium:1.92%;--awb-spacing-left-medium:1.92%;--awb-width-small:100%;--awb-spacing-right-small:1.92%;--awb-spacing-left-small:1.92%;\"><div class=\"fusion-column-wrapper fusion-flex-justify-content-flex-start fusion-content-layout-column\"><div class=\"fusion-title title fusion-title-2 fusion-sep-none fusion-title-center fusion-title-text fusion-title-size-two\" style=\"--awb-text-color:#ffffff;--awb-margin-top-small:0px;--awb-margin-right-small:0px;--awb-margin-bottom-small:20px;--awb-margin-left-small:0px;--awb-font-size:72px;\"><h2 class=\"fusion-title-heading title-heading-center fusion-responsive-typography-calculated\" style=\"margin:0;font-size:1em;--fontSize:72;line-height:1.1;\">Commencez avec Pioneer<\/h2><\/div><div class=\"fusion-text fusion-text-4\" style=\"--awb-text-color:#d8dc4e;\"><h6 style=\"color: white; text-align: left; margin-bottom: 0;\">Trouvez d\u00e8s aujourd\u2019hui une solution pour votre application sp\u00e9cifique<\/h6>\n<\/div><\/div><\/div><div class=\"fusion-layout-column fusion_builder_column fusion-builder-column-6 fusion_builder_column_1_4 1_4 fusion-flex-column\" style=\"--awb-bg-size:cover;--awb-width-large:25%;--awb-margin-top-large:0px;--awb-spacing-right-large:7.68%;--awb-margin-bottom-large:20px;--awb-spacing-left-large:5.12%;--awb-width-medium:100%;--awb-order-medium:0;--awb-spacing-right-medium:1.92%;--awb-spacing-left-medium:1.92%;--awb-width-small:100%;--awb-order-small:0;--awb-spacing-right-small:1.92%;--awb-spacing-left-small:1.92%;\"><div class=\"fusion-column-wrapper fusion-column-has-shadow fusion-flex-justify-content-flex-end fusion-content-layout-column\"><div style=\"text-align:center;\"><a class=\"fusion-button button-flat button-xlarge button-custom fusion-button-default button-3 fusion-button-default-span fusion-button-default-type\" style=\"--awb-margin-top:50px;--button_accent_color:#000000;--button_border_color:#ffffff;--button_accent_hover_color:#ffffff;--button_border_hover_color:#000000;--button_border_width-top:0px;--button_border_width-right:0px;--button_border_width-bottom:0px;--button_border_width-left:0px;--button_gradient_top_color:#ffffff;--button_gradient_bottom_color:#ffffff;--button_gradient_top_color_hover:#000000;--button_gradient_bottom_color_hover:#000000;--button_text_transform:uppercase;\" target=\"_self\" href=\"https:\/\/pioneertransformers.com\/fr\/contact\/\"><span class=\"fusion-button-text awb-button__text awb-button__text--default\">Nous contacter<\/span><i class=\"fa-angle-right fas awb-button__icon awb-button__icon--default button-icon-right\" aria-hidden=\"true\"><\/i><\/a><\/div><\/div><\/div><\/div><\/div><\/p>\n","protected":false},"excerpt":{"rendered":"","protected":false},"author":1,"featured_media":2692,"parent":0,"menu_order":0,"comment_status":"closed","ping_status":"closed","template":"100-width.php","meta":{"footnotes":""},"class_list":["post-2779","page","type-page","status-publish","has-post-thumbnail","hentry"],"yoast_head":"<!-- This site is optimized with the Yoast SEO plugin v27.4 - https:\/\/yoast.com\/product\/yoast-seo-wordpress\/ -->\n<title>\u00c0 propos de Transformateurs Pioneer | La personnalisation est notre sp\u00e9cialit\u00e9<\/title>\n<meta name=\"description\" content=\"Fond\u00e9e en 1965, nous soutenons les services publics, les clients industriels et commerciaux ainsi que les parcs \u00e9oliens et solaires avec des transformateurs sp\u00e9cialis\u00e9s et de remplacement.\" \/>\n<meta name=\"robots\" content=\"index, follow, max-snippet:-1, max-image-preview:large, max-video-preview:-1\" \/>\n<link rel=\"canonical\" href=\"https:\/\/pioneertransformers.com\/fr\/a-propos\/\" \/>\n<meta property=\"og:locale\" content=\"fr_CA\" \/>\n<meta property=\"og:type\" content=\"article\" \/>\n<meta property=\"og:title\" content=\"\u00c0 propos de Transformateurs Pioneer | La personnalisation est notre sp\u00e9cialit\u00e9\" \/>\n<meta property=\"og:description\" content=\"Fond\u00e9e en 1965, nous soutenons les services publics, les clients industriels et commerciaux ainsi que les parcs \u00e9oliens et solaires avec des transformateurs sp\u00e9cialis\u00e9s et de remplacement.\" \/>\n<meta property=\"og:url\" content=\"https:\/\/pioneertransformers.com\/fr\/a-propos\/\" \/>\n<meta property=\"og:site_name\" content=\"Transformateurs Pioneer\" \/>\n<meta property=\"article:modified_time\" content=\"2025-11-13T19:59:40+00:00\" \/>\n<meta property=\"og:image\" content=\"https:\/\/pioneertransformers.com\/wp-content\/uploads\/2021\/02\/marquee-about.jpg\" \/>\n\t<meta property=\"og:image:width\" content=\"1400\" \/>\n\t<meta property=\"og:image:height\" content=\"500\" \/>\n\t<meta property=\"og:image:type\" content=\"image\/jpeg\" \/>\n<meta name=\"twitter:card\" content=\"summary_large_image\" \/>\n<meta name=\"twitter:label1\" content=\"Estimation du temps de lecture\" \/>\n\t<meta name=\"twitter:data1\" content=\"8 minutes\" \/>\n<script type=\"application\/ld+json\" class=\"yoast-schema-graph\">{\"@context\":\"https:\\\/\\\/schema.org\",\"@graph\":[{\"@type\":\"WebPage\",\"@id\":\"https:\\\/\\\/pioneertransformers.com\\\/fr\\\/a-propos\\\/\",\"url\":\"https:\\\/\\\/pioneertransformers.com\\\/fr\\\/a-propos\\\/\",\"name\":\"\u00c0 propos de Transformateurs Pioneer | La personnalisation est notre sp\u00e9cialit\u00e9\",\"isPartOf\":{\"@id\":\"https:\\\/\\\/pioneertransformers.com\\\/fr\\\/#website\"},\"primaryImageOfPage\":{\"@id\":\"https:\\\/\\\/pioneertransformers.com\\\/fr\\\/a-propos\\\/#primaryimage\"},\"image\":{\"@id\":\"https:\\\/\\\/pioneertransformers.com\\\/fr\\\/a-propos\\\/#primaryimage\"},\"thumbnailUrl\":\"https:\\\/\\\/pioneertransformers.com\\\/wp-content\\\/uploads\\\/2021\\\/02\\\/marquee-about.jpg\",\"datePublished\":\"2021-03-30T18:48:12+00:00\",\"dateModified\":\"2025-11-13T19:59:40+00:00\",\"description\":\"Fond\u00e9e en 1965, nous soutenons les services publics, les clients industriels et commerciaux ainsi que les parcs \u00e9oliens et solaires avec des transformateurs sp\u00e9cialis\u00e9s et de remplacement.\",\"inLanguage\":\"fr-CA\",\"potentialAction\":[{\"@type\":\"ReadAction\",\"target\":[\"https:\\\/\\\/pioneertransformers.com\\\/fr\\\/a-propos\\\/\"]}]},{\"@type\":\"ImageObject\",\"inLanguage\":\"fr-CA\",\"@id\":\"https:\\\/\\\/pioneertransformers.com\\\/fr\\\/a-propos\\\/#primaryimage\",\"url\":\"https:\\\/\\\/pioneertransformers.com\\\/wp-content\\\/uploads\\\/2021\\\/02\\\/marquee-about.jpg\",\"contentUrl\":\"https:\\\/\\\/pioneertransformers.com\\\/wp-content\\\/uploads\\\/2021\\\/02\\\/marquee-about.jpg\",\"width\":1400,\"height\":500,\"caption\":\"marquee-about-pioneer-transformers\"},{\"@type\":\"WebSite\",\"@id\":\"https:\\\/\\\/pioneertransformers.com\\\/fr\\\/#website\",\"url\":\"https:\\\/\\\/pioneertransformers.com\\\/fr\\\/\",\"name\":\"Transformateurs Pioneer\",\"description\":\"Une Compagnie De Spire Power Solutions\",\"potentialAction\":[{\"@type\":\"SearchAction\",\"target\":{\"@type\":\"EntryPoint\",\"urlTemplate\":\"https:\\\/\\\/pioneertransformers.com\\\/fr\\\/?s={search_term_string}\"},\"query-input\":{\"@type\":\"PropertyValueSpecification\",\"valueRequired\":true,\"valueName\":\"search_term_string\"}}],\"inLanguage\":\"fr-CA\"}]}<\/script>\n<!-- \/ Yoast SEO plugin. -->","yoast_head_json":{"title":"\u00c0 propos de Transformateurs Pioneer | La personnalisation est notre sp\u00e9cialit\u00e9","description":"Fond\u00e9e en 1965, nous soutenons les services publics, les clients industriels et commerciaux ainsi que les parcs \u00e9oliens et solaires avec des transformateurs sp\u00e9cialis\u00e9s et de remplacement.","robots":{"index":"index","follow":"follow","max-snippet":"max-snippet:-1","max-image-preview":"max-image-preview:large","max-video-preview":"max-video-preview:-1"},"canonical":"https:\/\/pioneertransformers.com\/fr\/a-propos\/","og_locale":"fr_CA","og_type":"article","og_title":"\u00c0 propos de Transformateurs Pioneer | La personnalisation est notre sp\u00e9cialit\u00e9","og_description":"Fond\u00e9e en 1965, nous soutenons les services publics, les clients industriels et commerciaux ainsi que les parcs \u00e9oliens et solaires avec des transformateurs sp\u00e9cialis\u00e9s et de remplacement.","og_url":"https:\/\/pioneertransformers.com\/fr\/a-propos\/","og_site_name":"Transformateurs Pioneer","article_modified_time":"2025-11-13T19:59:40+00:00","og_image":[{"width":1400,"height":500,"url":"https:\/\/pioneertransformers.com\/wp-content\/uploads\/2021\/02\/marquee-about.jpg","type":"image\/jpeg"}],"twitter_card":"summary_large_image","twitter_misc":{"Estimation du temps de lecture":"8 minutes"},"schema":{"@context":"https:\/\/schema.org","@graph":[{"@type":"WebPage","@id":"https:\/\/pioneertransformers.com\/fr\/a-propos\/","url":"https:\/\/pioneertransformers.com\/fr\/a-propos\/","name":"\u00c0 propos de Transformateurs Pioneer | La personnalisation est notre sp\u00e9cialit\u00e9","isPartOf":{"@id":"https:\/\/pioneertransformers.com\/fr\/#website"},"primaryImageOfPage":{"@id":"https:\/\/pioneertransformers.com\/fr\/a-propos\/#primaryimage"},"image":{"@id":"https:\/\/pioneertransformers.com\/fr\/a-propos\/#primaryimage"},"thumbnailUrl":"https:\/\/pioneertransformers.com\/wp-content\/uploads\/2021\/02\/marquee-about.jpg","datePublished":"2021-03-30T18:48:12+00:00","dateModified":"2025-11-13T19:59:40+00:00","description":"Fond\u00e9e en 1965, nous soutenons les services publics, les clients industriels et commerciaux ainsi que les parcs \u00e9oliens et solaires avec des transformateurs sp\u00e9cialis\u00e9s et de remplacement.","inLanguage":"fr-CA","potentialAction":[{"@type":"ReadAction","target":["https:\/\/pioneertransformers.com\/fr\/a-propos\/"]}]},{"@type":"ImageObject","inLanguage":"fr-CA","@id":"https:\/\/pioneertransformers.com\/fr\/a-propos\/#primaryimage","url":"https:\/\/pioneertransformers.com\/wp-content\/uploads\/2021\/02\/marquee-about.jpg","contentUrl":"https:\/\/pioneertransformers.com\/wp-content\/uploads\/2021\/02\/marquee-about.jpg","width":1400,"height":500,"caption":"marquee-about-pioneer-transformers"},{"@type":"WebSite","@id":"https:\/\/pioneertransformers.com\/fr\/#website","url":"https:\/\/pioneertransformers.com\/fr\/","name":"Transformateurs Pioneer","description":"Une Compagnie De Spire Power Solutions","potentialAction":[{"@type":"SearchAction","target":{"@type":"EntryPoint","urlTemplate":"https:\/\/pioneertransformers.com\/fr\/?s={search_term_string}"},"query-input":{"@type":"PropertyValueSpecification","valueRequired":true,"valueName":"search_term_string"}}],"inLanguage":"fr-CA"}]}},"_links":{"self":[{"href":"https:\/\/pioneertransformers.com\/fr\/wp-json\/wp\/v2\/pages\/2779","targetHints":{"allow":["GET"]}}],"collection":[{"href":"https:\/\/pioneertransformers.com\/fr\/wp-json\/wp\/v2\/pages"}],"about":[{"href":"https:\/\/pioneertransformers.com\/fr\/wp-json\/wp\/v2\/types\/page"}],"author":[{"embeddable":true,"href":"https:\/\/pioneertransformers.com\/fr\/wp-json\/wp\/v2\/users\/1"}],"replies":[{"embeddable":true,"href":"https:\/\/pioneertransformers.com\/fr\/wp-json\/wp\/v2\/comments?post=2779"}],"version-history":[{"count":62,"href":"https:\/\/pioneertransformers.com\/fr\/wp-json\/wp\/v2\/pages\/2779\/revisions"}],"predecessor-version":[{"id":4199,"href":"https:\/\/pioneertransformers.com\/fr\/wp-json\/wp\/v2\/pages\/2779\/revisions\/4199"}],"wp:featuredmedia":[{"embeddable":true,"href":"https:\/\/pioneertransformers.com\/fr\/wp-json\/wp\/v2\/media\/2692"}],"wp:attachment":[{"href":"https:\/\/pioneertransformers.com\/fr\/wp-json\/wp\/v2\/media?parent=2779"}],"curies":[{"name":"wp","href":"https:\/\/api.w.org\/{rel}","templated":true}]}}